{"id":3856,"date":"2021-01-10T21:47:17","date_gmt":"2021-01-10T20:47:17","guid":{"rendered":"https:\/\/gymvolontairesedanaise.com\/gvs\/?page_id=3856"},"modified":"2021-01-10T22:04:53","modified_gmt":"2021-01-10T21:04:53","slug":"actus-marche","status":"publish","type":"page","link":"https:\/\/gymvolontairesedanaise.com\/gvs\/actus\/actus-marche\/","title":{"rendered":"Actualit\u00e9s Marche"},"content":{"rendered":"<ul class=\"wp-block-latest-posts__list is-grid columns-2 has-dates wp-block-latest-posts\"><li><a class=\"wp-block-latest-posts__post-title\" href=\"https:\/\/gymvolontairesedanaise.com\/gvs\/marche-du-mardi-14-avril-2026\/\">Marche du mardi 14 avril 2026<\/a><time datetime=\"2026-04-12T18:53:46+02:00\" class=\"wp-block-latest-posts__post-date\">2026-04-12<\/time><div class=\"wp-block-latest-posts__post-excerpt\">Rendez-vous Place Nassau \u00e0 13h30 pour un d\u00e9part \u00e0 13h45. D\u00e9part de la marche : Place de l&rsquo;\u00e9glise \u00e0 Bulson. Distance : 7,5 km D\u00e9nivel\u00e9 : 142 m.<\/div><\/li>\n<li><a class=\"wp-block-latest-posts__post-title\" href=\"https:\/\/gymvolontairesedanaise.com\/gvs\/telethon-2025\/\">RESULTATS DU TELETHON 2025<\/a><time datetime=\"2025-11-24T10:31:44+01:00\" class=\"wp-block-latest-posts__post-date\">2025-11-24<\/time><div class=\"wp-block-latest-posts__post-excerpt\"><\/div><\/li>\n<li><a class=\"wp-block-latest-posts__post-title\" href=\"https:\/\/gymvolontairesedanaise.com\/gvs\/partenariat-avec-decathlon\/\">Partenariat avec DECATHLON<\/a><time datetime=\"2024-11-01T17:59:49+01:00\" class=\"wp-block-latest-posts__post-date\">2024-11-01<\/time><div class=\"wp-block-latest-posts__post-excerpt\"><\/div><\/li>\n<li><a class=\"wp-block-latest-posts__post-title\" href=\"https:\/\/gymvolontairesedanaise.com\/gvs\/licence-2020-2021\/\">LICENCE 2025-2026<\/a><time datetime=\"2023-09-15T16:54:27+02:00\" class=\"wp-block-latest-posts__post-date\">2023-09-15<\/time><div class=\"wp-block-latest-posts__post-excerpt\">Depuis la saison 2020-2021, votre licence n&rsquo;est plus envoy\u00e9e par La Poste mais directement dans votre bo\u00eete mails ; A vous de l&rsquo;imprimer !. En l&rsquo;absence de mail, connectez vous sur votre espace licenci\u00e9 du site de la F\u00e9d\u00e9ration \u00ab\u00a0Sport Pour Tous\u00a0\u00bb, muni de votre num\u00e9ro de licence (identique d&rsquo;une ann\u00e9e sur l&rsquo;autre)<\/div><\/li>\n<li><a class=\"wp-block-latest-posts__post-title\" href=\"https:\/\/gymvolontairesedanaise.com\/gvs\/compte-rendu-de-lag-du-129-novembre-2022\/\">Historique de la GVS<\/a><time datetime=\"2022-12-01T19:41:11+01:00\" class=\"wp-block-latest-posts__post-date\">2022-12-01<\/time><div class=\"wp-block-latest-posts__post-excerpt\">Discours lors de l&rsquo;AG du 18 novembre 2022<\/div><\/li>\n<li><a class=\"wp-block-latest-posts__post-title\" href=\"https:\/\/gymvolontairesedanaise.com\/gvs\/fin-du-certificat-medical\/\">Fin du certificat m\u00e9dical<\/a><time datetime=\"2022-07-18T10:06:31+02:00\" class=\"wp-block-latest-posts__post-date\">2022-07-18<\/time><div class=\"wp-block-latest-posts__post-excerpt\"><\/div><\/li>\n<li><a class=\"wp-block-latest-posts__post-title\" href=\"https:\/\/gymvolontairesedanaise.com\/gvs\/marche-du-28-juin-2022\/\">Photos prises au fil de l&rsquo;eau, au fil du temps !<\/a><time datetime=\"2022-07-08T22:02:00+02:00\" class=\"wp-block-latest-posts__post-date\">2022-07-08<\/time><div class=\"wp-block-latest-posts__post-excerpt\">Photos prises le 28 juin 2022 par Sylvie P Photos prises au fil du temps !<\/div><\/li>\n<\/ul>","protected":false},"excerpt":{"rendered":"","protected":false},"author":5,"featured_media":0,"parent":3852,"menu_order":0,"comment_status":"closed","ping_status":"closed","template":"","meta":[],"featured_image_urls":{"full":""},"post_excerpt_stackable":"<p>Marche du mardi 14 avril 20262026-04-12Rendez-vous Place Nassau \u00e0 13h30 pour un d\u00e9part \u00e0 13h45. D\u00e9part de la marche : Place de l&rsquo;\u00e9glise \u00e0 Bulson. Distance : 7,5 km D\u00e9nivel\u00e9 : 142 m. RESULTATS DU TELETHON 20252025-11-24 Partenariat avec DECATHLON2024-11-01 LICENCE 2025-20262023-09-15Depuis la saison 2020-2021, votre licence n&rsquo;est plus envoy\u00e9e par La Poste mais directement dans votre bo\u00eete mails ; A vous de l&rsquo;imprimer !. En l&rsquo;absence de mail, connectez vous sur votre espace licenci\u00e9 du site de la F\u00e9d\u00e9ration \u00ab\u00a0Sport Pour Tous\u00a0\u00bb, muni de votre num\u00e9ro de licence (identique d&rsquo;une ann\u00e9e sur l&rsquo;autre) Historique de la GVS2022-12-01Discours lors de\u2026<\/p>\n","category_list":"","author_info":{"name":"Arno","url":"https:\/\/gymvolontairesedanaise.com\/gvs"},"comments_num":"0 comments","featured_image_urls_v2":{"full":"","thumbnail":"","medium":"","medium_large":"","large":"","1536x1536":"","2048x2048":"","post-thumbnail":""},"post_excerpt_stackable_v2":"<p>Marche du mardi 14 avril 20262026-04-12Rendez-vous Place Nassau \u00e0 13h30 pour un d\u00e9part \u00e0 13h45. D\u00e9part de la marche : Place de l&rsquo;\u00e9glise \u00e0 Bulson. Distance : 7,5 km D\u00e9nivel\u00e9 : 142 m. RESULTATS DU TELETHON 20252025-11-24 Partenariat avec DECATHLON2024-11-01 LICENCE 2025-20262023-09-15Depuis la saison 2020-2021, votre licence n&rsquo;est plus envoy\u00e9e par La Poste mais directement dans votre bo\u00eete mails ; A vous de l&rsquo;imprimer !. En l&rsquo;absence de mail, connectez vous sur votre espace licenci\u00e9 du site de la F\u00e9d\u00e9ration \u00ab\u00a0Sport Pour Tous\u00a0\u00bb, muni de votre num\u00e9ro de licence (identique d&rsquo;une ann\u00e9e sur l&rsquo;autre) Historique de la GVS2022-12-01Discours lors de\u2026<\/p>\n","category_list_v2":"","author_info_v2":{"name":"Arno","url":"https:\/\/gymvolontairesedanaise.com\/gvs"},"comments_num_v2":"0 comments","_links":{"self":[{"href":"https:\/\/gymvolontairesedanaise.com\/gvs\/wp-json\/wp\/v2\/pages\/3856"}],"collection":[{"href":"https:\/\/gymvolontairesedanaise.com\/gvs\/wp-json\/wp\/v2\/pages"}],"about":[{"href":"https:\/\/gymvolontairesedanaise.com\/gvs\/wp-json\/wp\/v2\/types\/page"}],"author":[{"embeddable":true,"href":"https:\/\/gymvolontairesedanaise.com\/gvs\/wp-json\/wp\/v2\/users\/5"}],"replies":[{"embeddable":true,"href":"https:\/\/gymvolontairesedanaise.com\/gvs\/wp-json\/wp\/v2\/comments?post=3856"}],"version-history":[{"count":3,"href":"https:\/\/gymvolontairesedanaise.com\/gvs\/wp-json\/wp\/v2\/pages\/3856\/revisions"}],"predecessor-version":[{"id":3874,"href":"https:\/\/gymvolontairesedanaise.com\/gvs\/wp-json\/wp\/v2\/pages\/3856\/revisions\/3874"}],"up":[{"embeddable":true,"href":"https:\/\/gymvolontairesedanaise.com\/gvs\/wp-json\/wp\/v2\/pages\/3852"}],"wp:attachment":[{"href":"https:\/\/gymvolontairesedanaise.com\/gvs\/wp-json\/wp\/v2\/media?parent=3856"}],"curies":[{"name":"wp","href":"https:\/\/api.w.org\/{rel}","templated":true}]}}