{"id":3756,"date":"2018-09-02T21:33:22","date_gmt":"2018-09-02T19:33:22","guid":{"rendered":"http:\/\/gymvolontairesedanaise.com\/wp\/?page_id=211"},"modified":"2026-01-14T18:51:32","modified_gmt":"2026-01-14T17:51:32","slug":"inscription","status":"publish","type":"page","link":"https:\/\/gymvolontairesedanaise.com\/gvs\/association\/inscription\/","title":{"rendered":"Inscription"},"content":{"rendered":"\n<h2 class=\"wp-block-heading\">Adh\u00e9sion 2025-2026<\/h2>\n\n\n\n<div class=\"wp-block-columns inscription_tableau is-layout-flex wp-container-2\">\n<div class=\"wp-block-column is-layout-flow\">\n<p><strong>TARIFS<\/strong><\/p>\n\n\n\n<p><strong><u>Au 1er septembre 2025<\/u><\/strong> : <strong>135 \u20ac<\/strong> dont 30,10\u20ac de licence Sports Pour Tous &#8211; <strong>Mineurs de 16 \u00e0 18 ans : 115 \u20ac<\/strong><\/p>\n\n\n\n<p>Au 1er janvier 2026 : 125 \u20ac dont 30,10\u20ac de licence Sports Pour Tous &#8211; <strong>Mineurs de 16 \u00e0 18 ans : 105 \u20ac<\/strong><\/p>\n\n\n\n<p>Au 1er f\u00e9vrier 2026 : 105 \u20ac dont 30,10\u20ac de licence Sports Pour Tous &#8211; <strong>Mineurs de 16 \u00e0 18 ans : 85 \u20ac<\/strong>   <p>Au 1er mars 2026 : 85 \u20ac dont 30,10\u20ac de licence Sports Pour Tous &#8211; <strong>Mineurs de 16 \u00e0 18 ans : 65 \u20ac<\/strong> <\/p><\/p>\n\n\n\n<p><strong>La cotisation annuelle vous donne acc\u00e8s \u00e0 l&rsquo;ensemble des cours, quelle que soit la date de votre inscription !<\/strong><\/p>\n<\/div>\n<\/div>\n\n\n\n<p><strong>Vous pouvez vous inscrire aupr\u00e8s d&rsquo;un membre du Comit\u00e9, \u00e0 l&rsquo;entr\u00e9e de la salle, avant chaque s\u00e9ance.<\/strong><\/p>\n\n\n\n<p> <\/p>\n\n\n\n<div style=\"height:15px\" aria-hidden=\"true\" class=\"wp-block-spacer\"><\/div>\n\n\n\n<div class=\"wp-block-columns is-layout-flex wp-container-5\">\n<div class=\"wp-block-column is-layout-flow\">\n<div class=\"alignfull wp-block-ugb-container ugb-container ugb-0a28e8a ugb-container--v2 ugb-container--design-plain ugb-main-block ugb-main-block--inner-center ugb--has-block-background\"><style>.ugb-0a28e8a.ugb-container{background-color:rgba(255,255,255,0.2)}.ugb-0a28e8a{padding:0 !important}@media screen and (min-width:768px){.ugb-0a28e8a > .ugb-inner-block > .ugb-block-content > *{padding-top:15px !important;padding-bottom:15px !important;padding-right:15px !important;padding-left:15px !important}}<\/style><div class=\"ugb-inner-block ugb-inner-block--center\"><div class=\"ugb-block-content\"><div class=\"ugb-container__wrapper ugb-0a28e8a-wrapper\"><div class=\"ugb-container__side\"><div class=\"ugb-container__content-wrapper ugb-0a28e8a-content-wrapper\">\n\n<figure class=\"wp-block-image size-large is-style-twentytwentyone-border is-style-default\"><a href=\"https:\/\/www.google.fr\/maps\/place\/19+Rue+Jean+Jaur%C3%A8s,+08200+Sedan,+France\/@49.6989074,4.9303221,17z\/data=!3m1!4b1!4m5!3m4!1s0x47ea6e8d5e4e7183:0x80600aec49044d89!8m2!3d49.6989074!4d4.9325108\" target=\"_blank\" rel=\"noopener\"><img decoding=\"async\" loading=\"lazy\" width=\"786\" height=\"718\" src=\"https:\/\/gymvolontairesedanaise.com\/gvs\/wp-content\/uploads\/2021\/01\/maps_GVS.png\" alt=\"carte Sedan\" class=\"wp-image-3790\" srcset=\"https:\/\/gymvolontairesedanaise.com\/gvs\/wp-content\/uploads\/2021\/01\/maps_GVS.png 786w, https:\/\/gymvolontairesedanaise.com\/gvs\/wp-content\/uploads\/2021\/01\/maps_GVS-300x274.png 300w, https:\/\/gymvolontairesedanaise.com\/gvs\/wp-content\/uploads\/2021\/01\/maps_GVS-768x702.png 768w\" sizes=\"(max-width: 786px) 100vw, 786px\" \/><\/a><\/figure>\n\n\n<p class=\"has-text-align-center\"><em>Pour vous rendre \u00e0 la GVS<\/em><\/p>\n\n<\/div><\/div><\/div><\/div><\/div><\/div>\n<\/div>\n\n\n\n<div class=\"wp-block-column is-layout-flow\">\n<h3 class=\"wp-block-heading\">Pour s&rsquo;y rendre<\/h3>\n\n\n\n<p>19, Avenue Jean Jaur\u00e8s \u00e0 SEDAN<\/p>\n\n\n\n<h3 class=\"wp-block-heading\">Pour s&rsquo;inscrire<\/h3>\n\n\n\n<ul>\n<li>Avoir au moins 16 ans<\/li>\n\n\n\n<li>S&rsquo;acquitter de sa cotisation annuelle<\/li>\n\n\n\n<li>2 photos r\u00e9centes d&rsquo;identit\u00e9 pour les nouveaux adh\u00e9rents<\/li>\n<\/ul>\n\n\n\n<h3 class=\"wp-block-heading\">Pour nous contacter<\/h3>\n\n\n\n<p>Vous pouvez nous envoyer un mail via le <em><a href=\"https:\/\/gymvolontairesedanaise.com\/gvs\/contact\/\" data-type=\"page\" data-id=\"3893\">formulaire de contact<\/a><\/em>.<\/p>\n<\/div>\n<\/div>\n\n\n\n<div style=\"height:15px\" aria-hidden=\"true\" class=\"wp-block-spacer\"><\/div>\n\n\n\n<p class=\"has-text-align-center activites_nattendezplus has-large-font-size\"><b><strong>PAS ENCORE INSCRIT ?!<br>N&rsquo; ATTENDEZ PLUS !!!<\/strong><\/b><\/p>\n","protected":false},"excerpt":{"rendered":"<p>Adh\u00e9sion 2025-2026 TARIFS Au 1er septembre 2025 : 135 \u20ac dont 30,10\u20ac de licence Sports Pour Tous &#8211; Mineurs de 16 \u00e0 18 ans : 115 \u20ac Au 1er janvier 2026 : 125 \u20ac dont 30,10\u20ac de licence Sports Pour Tous &#8211; Mineurs de 16 \u00e0 18 ans : 105 \u20ac Au 1er f\u00e9vrier 2026&hellip; <a class=\"more-link\" href=\"https:\/\/gymvolontairesedanaise.com\/gvs\/association\/inscription\/\">Poursuivre la lecture <span class=\"screen-reader-text\">Inscription<\/span><\/a><\/p>\n","protected":false},"author":5,"featured_media":0,"parent":3759,"menu_order":0,"comment_status":"closed","ping_status":"closed","template":"","meta":[],"featured_image_urls":{"full":""},"post_excerpt_stackable":"<p>Adh\u00e9sion 2025-2026 TARIFS Au 1er septembre 2025 : 135 \u20ac dont 30,10\u20ac de licence Sports Pour Tous &#8211; Mineurs de 16 \u00e0 18 ans : 115 \u20ac Au 1er janvier 2026 : 125 \u20ac dont 30,10\u20ac de licence Sports Pour Tous &#8211; Mineurs de 16 \u00e0 18 ans : 105 \u20ac Au 1er f\u00e9vrier 2026 : 105 \u20ac dont 30,10\u20ac de licence Sports Pour Tous &#8211; Mineurs de 16 \u00e0 18 ans : 85 \u20ac Au 1er mars 2026 : 85 \u20ac dont 30,10\u20ac de licence Sports Pour Tous &#8211; Mineurs de 16 \u00e0 18 ans : 65 \u20ac La\u2026<\/p>\n","category_list":"","author_info":{"name":"Arno","url":"https:\/\/gymvolontairesedanaise.com\/gvs"},"comments_num":"0 comments","featured_image_urls_v2":{"full":"","thumbnail":"","medium":"","medium_large":"","large":"","1536x1536":"","2048x2048":"","post-thumbnail":""},"post_excerpt_stackable_v2":"<p>Adh\u00e9sion 2025-2026 TARIFS Au 1er septembre 2025 : 135 \u20ac dont 30,10\u20ac de licence Sports Pour Tous &#8211; Mineurs de 16 \u00e0 18 ans : 115 \u20ac Au 1er janvier 2026 : 125 \u20ac dont 30,10\u20ac de licence Sports Pour Tous &#8211; Mineurs de 16 \u00e0 18 ans : 105 \u20ac Au 1er f\u00e9vrier 2026 : 105 \u20ac dont 30,10\u20ac de licence Sports Pour Tous &#8211; Mineurs de 16 \u00e0 18 ans : 85 \u20ac Au 1er mars 2026 : 85 \u20ac dont 30,10\u20ac de licence Sports Pour Tous &#8211; Mineurs de 16 \u00e0 18 ans : 65 \u20ac La\u2026<\/p>\n","category_list_v2":"","author_info_v2":{"name":"Arno","url":"https:\/\/gymvolontairesedanaise.com\/gvs"},"comments_num_v2":"0 comments","_links":{"self":[{"href":"https:\/\/gymvolontairesedanaise.com\/gvs\/wp-json\/wp\/v2\/pages\/3756"}],"collection":[{"href":"https:\/\/gymvolontairesedanaise.com\/gvs\/wp-json\/wp\/v2\/pages"}],"about":[{"href":"https:\/\/gymvolontairesedanaise.com\/gvs\/wp-json\/wp\/v2\/types\/page"}],"author":[{"embeddable":true,"href":"https:\/\/gymvolontairesedanaise.com\/gvs\/wp-json\/wp\/v2\/users\/5"}],"replies":[{"embeddable":true,"href":"https:\/\/gymvolontairesedanaise.com\/gvs\/wp-json\/wp\/v2\/comments?post=3756"}],"version-history":[{"count":43,"href":"https:\/\/gymvolontairesedanaise.com\/gvs\/wp-json\/wp\/v2\/pages\/3756\/revisions"}],"predecessor-version":[{"id":7536,"href":"https:\/\/gymvolontairesedanaise.com\/gvs\/wp-json\/wp\/v2\/pages\/3756\/revisions\/7536"}],"up":[{"embeddable":true,"href":"https:\/\/gymvolontairesedanaise.com\/gvs\/wp-json\/wp\/v2\/pages\/3759"}],"wp:attachment":[{"href":"https:\/\/gymvolontairesedanaise.com\/gvs\/wp-json\/wp\/v2\/media?parent=3756"}],"curies":[{"name":"wp","href":"https:\/\/api.w.org\/{rel}","templated":true}]}}